{"id":1398,"date":"2024-10-31T07:23:08","date_gmt":"2024-10-31T07:23:08","guid":{"rendered":"https:\/\/costia.ro\/?page_id=1398"},"modified":"2024-10-31T07:23:53","modified_gmt":"2024-10-31T07:23:53","slug":"date-cu-caracter-personal","status":"publish","type":"page","link":"https:\/\/costia.ro\/?page_id=1398","title":{"rendered":"Politica de utilizare cookie"},"content":{"rendered":"<div class=\"fusion-fullwidth fullwidth-box fusion-builder-row-1 fusion-flex-container has-pattern-background has-mask-background nonhundred-percent-fullwidth non-hundred-percent-height-scrolling\" style=\"--awb-border-radius-top-left:0px;--awb-border-radius-top-right:0px;--awb-border-radius-bottom-right:0px;--awb-border-radius-bottom-left:0px;--awb-flex-wrap:wrap;\" ><div class=\"fusion-builder-row fusion-row fusion-flex-align-items-flex-start fusion-flex-content-wrap\" style=\"max-width:1456px;margin-left: calc(-4% \/ 2 );margin-right: calc(-4% \/ 2 );\"><div class=\"fusion-layout-column fusion_builder_column fusion-builder-column-0 fusion_builder_column_1_1 1_1 fusion-flex-column\" style=\"--awb-bg-size:cover;--awb-width-large:100%;--awb-margin-top-large:0px;--awb-spacing-right-large:1.92%;--awb-margin-bottom-large:20px;--awb-spacing-left-large:1.92%;--awb-width-medium:100%;--awb-order-medium:0;--awb-spacing-right-medium:1.92%;--awb-spacing-left-medium:1.92%;--awb-width-small:100%;--awb-order-small:0;--awb-spacing-right-small:1.92%;--awb-spacing-left-small:1.92%;\"><div class=\"fusion-column-wrapper fusion-column-has-shadow fusion-flex-justify-content-flex-start fusion-content-layout-column\"><div class=\"fusion-text fusion-text-1\"><div class=\"flex max-w-full flex-col flex-grow\">\n<div class=\"min-h-8 text-message flex w-full flex-col items-end gap-2 whitespace-normal break-words &#091;.text-message+&amp;&#093;:mt-5\" dir=\"auto\" data-message-author-role=\"assistant\" data-message-id=\"285aac1f-fb3d-477a-b311-0ea42ab2c952\" data-message-model-slug=\"gpt-4o\">\n<div class=\"flex w-full flex-col gap-1 empty:hidden first:pt-&#091;3px&#093;\">\n<div class=\"markdown prose w-full break-words dark:prose-invert light\">\n<p><strong>Politica de utilizare Cookie<\/strong><\/p>\n<hr \/>\n<p>Aceast\u0103 politic\u0103 se refer\u0103 la plasarea, utilizarea \u0219i administrarea \u201ccookie\u201d-urilor utilizate de site-ul COSTIA.RO, operat de COSTIA S.R.L.<\/p>\n<p>Aceast\u0103 politic\u0103 completeaz\u0103 Politica privind Protec\u021bia Datelor cu Caracter Personal \u0219i Termenii \u0219i Condi\u021biile site-ului.<\/p>\n<hr \/>\n<p><strong>Ce sunt cookie-urile?<\/strong><\/p>\n<p>Un cookie este un fi\u0219ier de mici dimensiuni, stocat pe computerul, terminalul mobil sau alte echipamente ale unui utilizator care acceseaz\u0103 internetul prin intermediul unui browser (ex: Chrome, Firefox). Cookie-ul este instalat prin solicitarea emis\u0103 de un server web c\u0103tre un browser \u0219i este complet \u201epasiv\u201d (nu con\u021bine programe software, viru\u0219i sau spyware \u0219i nu poate accesa informa\u021biile de pe hard drive-ul utilizatorului).<\/p>\n<hr \/>\n<p><strong>La ce sunt folosite cookie-urile?<\/strong><\/p>\n<p>Cookie-urile faciliteaz\u0103 navigarea pe internet adaptat\u0103 preferin\u021belor fiec\u0103rui utilizator, oferind func\u021bionalit\u0103\u021bi precum:<\/p>\n<ul>\n<li>Re\u021binerea preferin\u021belor utilizatorului (ex. categorii de servicii de interes, parole salvate).<\/li>\n<li>Optimizarea experien\u021bei de utilizare, cum ar fi ajustarea con\u021binutului \u00een func\u021bie de interesele utilizatorului.<\/li>\n<li>Analiza traficului \u0219i optimizarea performan\u021bei site-ului.<\/li>\n<\/ul>\n<p>Aceste date sunt anonime, iar singurele informa\u021bii stocate sunt legate de ID-ul browserului pentru a putea recunoa\u0219te utilizatorul la urm\u0103toarea vizit\u0103. Refuzarea cookie-urilor poate limita func\u021bionalitatea site-ului.<\/p>\n<hr \/>\n<p><strong>Ce cookie-uri folosim?<\/strong><\/p>\n<p>Pe COSTIA.RO, se pot plasa urm\u0103toarele tipuri de cookie-uri:<\/p>\n<ul>\n<li><strong>Cookie-uri necesare<\/strong>: Asigur\u0103 buna func\u021bionare a site-ului \u0219i nu pot fi dezactivate.<\/li>\n<li><strong>Cookie-uri de analiz\u0103<\/strong>: Colecteaz\u0103 date despre traficul pe site pentru \u00eembun\u0103t\u0103\u021birea performan\u021bei (ex. Google Analytics).<\/li>\n<li><strong>Cookie-uri de marketing<\/strong>: Folosite de ter\u021bi pentru afi\u0219area de reclame relevante pe alte site-uri. Printre furnizorii ter\u021bi se num\u0103r\u0103 Google \u0219i Facebook.<\/li>\n<\/ul>\n<hr \/>\n<p><strong>Care este durata de via\u021b\u0103 a unui cookie?<\/strong><\/p>\n<p>COSTIA.RO folose\u0219te:<\/p>\n<ul>\n<li><strong>Cookie-uri de sesiune<\/strong>: sunt temporare \u0219i se \u0219terg la \u00eenchiderea browserului.<\/li>\n<li><strong>Cookie-uri fixe<\/strong>: persist\u0103 pe dispozitiv pentru o perioad\u0103 limitat\u0103 sau p\u00e2n\u0103 la \u0219tergerea manual\u0103.<\/li>\n<\/ul>\n<hr \/>\n<p><strong>Con\u021bin cookie-urile date personale?<\/strong><\/p>\n<p>Cookie-urile nu solicit\u0103 date cu caracter personal pentru a fi utilizate. Datele colectate sunt criptate pentru a preveni accesul neautorizat.<\/p>\n<hr \/>\n<p><strong>\u0218tergerea cookie-urilor<\/strong><\/p>\n<p>Cookie-urile pot fi \u0219terse din dispozitivul dvs. prin selectarea op\u021biunii \u201e\u0218terge datele de navigare\u201d din set\u0103rile browserului. Administrarea automat\u0103 a cookie-urilor poate fi blocat\u0103 din set\u0103rile browserului, \u00eens\u0103 acest lucru poate afecta func\u021bionalitatea site-ului.<\/p>\n<hr \/>\n<p><strong>Securitate<\/strong><\/p>\n<p>Cookie-urile NU sunt viru\u0219i \u0219i nu pot executa programe. Totu\u0219i, ele stocheaz\u0103 informa\u021bii despre preferin\u021bele utilizatorilor \u0219i, \u00een anumite situa\u021bii, pot fi folosite ca o form\u0103 de \u201espyware\u201d.<\/p>\n<p>Pentru o experien\u021b\u0103 sigur\u0103:<\/p>\n<ul>\n<li>Personaliza\u021bi set\u0103rile de securitate ale browserului.<\/li>\n<li>Folosi\u021bi aplica\u021bii de detectare a spyware-ului \u0219i men\u021bine\u021bi browserul actualizat.<\/li>\n<li>Evita\u021bi conectarea pe re\u021bele WiFi nesecurizate atunci c\u00e2nd accesa\u021bi site-uri care folosesc cookie-uri.<\/li>\n<\/ul>\n<hr \/>\n<p><strong>Confiden\u021bialitate \u0219i set\u0103ri de securitate<\/strong><\/p>\n<p>Navigarea poate fi personalizat\u0103 \u00een func\u021bie de preferin\u021bele privind acceptarea sau \u0219tergerea cookie-urilor. Set\u0103rile cookie-urilor sunt de regul\u0103 disponibile \u00een meniul \u201eop\u021biuni\u201d sau \u201epreferin\u021be\u201d al browserului.<\/p>\n<p>Pentru mai multe detalii privind set\u0103rile de cookie-uri generate de ter\u021bi, consulta\u021bi: <a href=\"http:\/\/www.youronlinechoices.com\/ro\/\" target=\"_new\" rel=\"noopener\">http:\/\/www.youronlinechoices.com\/ro\/<\/a><\/p>\n<\/div>\n<\/div>\n<\/div>\n<\/div>\n<div class=\"mb-2 flex gap-3 empty:hidden -ml-2\">\n<div class=\"items-center justify-start rounded-xl p-1 flex\">\n<div class=\"flex items-center\">\n<div class=\"flex\"><\/div>\n<div class=\"flex items-center pb-0\"><\/div>\n<\/div>\n<\/div>\n<\/div>\n<\/div><\/div><\/div><\/div><\/div>\n","protected":false},"excerpt":{"rendered":"","protected":false},"author":3,"featured_media":0,"parent":0,"menu_order":0,"comment_status":"closed","ping_status":"closed","template":"","meta":{"footnotes":""},"class_list":["post-1398","page","type-page","status-publish","hentry"],"yoast_head":"<!-- This site is optimized with the Yoast SEO plugin v23.8 - https:\/\/yoast.com\/wordpress\/plugins\/seo\/ -->\n<title>Politica de utilizare cookie - Mecanica Costia<\/title>\n<meta name=\"robots\" content=\"index, follow, max-snippet:-1, max-image-preview:large, max-video-preview:-1\" \/>\n<link rel=\"canonical\" href=\"https:\/\/costia.ro\/?page_id=1398\" \/>\n<meta property=\"og:locale\" content=\"en_US\" \/>\n<meta property=\"og:type\" content=\"article\" \/>\n<meta property=\"og:title\" content=\"Politica de utilizare cookie - Mecanica Costia\" \/>\n<meta property=\"og:url\" content=\"https:\/\/costia.ro\/?page_id=1398\" \/>\n<meta property=\"og:site_name\" content=\"Mecanica Costia\" \/>\n<meta property=\"article:publisher\" content=\"https:\/\/www.facebook.com\/catalin.costia\" \/>\n<meta property=\"article:modified_time\" content=\"2024-10-31T07:23:53+00:00\" \/>\n<meta name=\"twitter:card\" content=\"summary_large_image\" \/>\n<meta name=\"twitter:label1\" content=\"Est. reading time\" \/>\n\t<meta name=\"twitter:data1\" content=\"8 minutes\" \/>\n<script type=\"application\/ld+json\" class=\"yoast-schema-graph\">{\"@context\":\"https:\/\/schema.org\",\"@graph\":[{\"@type\":\"WebPage\",\"@id\":\"https:\/\/costia.ro\/?page_id=1398\",\"url\":\"https:\/\/costia.ro\/?page_id=1398\",\"name\":\"Politica de utilizare cookie - Mecanica Costia\",\"isPartOf\":{\"@id\":\"https:\/\/costia.ro\/#website\"},\"datePublished\":\"2024-10-31T07:23:08+00:00\",\"dateModified\":\"2024-10-31T07:23:53+00:00\",\"breadcrumb\":{\"@id\":\"https:\/\/costia.ro\/?page_id=1398#breadcrumb\"},\"inLanguage\":\"en-US\",\"potentialAction\":[{\"@type\":\"ReadAction\",\"target\":[\"https:\/\/costia.ro\/?page_id=1398\"]}]},{\"@type\":\"BreadcrumbList\",\"@id\":\"https:\/\/costia.ro\/?page_id=1398#breadcrumb\",\"itemListElement\":[{\"@type\":\"ListItem\",\"position\":1,\"name\":\"Home\",\"item\":\"https:\/\/costia.ro\/\"},{\"@type\":\"ListItem\",\"position\":2,\"name\":\"Politica de utilizare cookie\"}]},{\"@type\":\"WebSite\",\"@id\":\"https:\/\/costia.ro\/#website\",\"url\":\"https:\/\/costia.ro\/\",\"name\":\"Mecanica Costia\",\"description\":\"\",\"publisher\":{\"@id\":\"https:\/\/costia.ro\/#organization\"},\"potentialAction\":[{\"@type\":\"SearchAction\",\"target\":{\"@type\":\"EntryPoint\",\"urlTemplate\":\"https:\/\/costia.ro\/?s={search_term_string}\"},\"query-input\":{\"@type\":\"PropertyValueSpecification\",\"valueRequired\":true,\"valueName\":\"search_term_string\"}}],\"inLanguage\":\"en-US\"},{\"@type\":\"Organization\",\"@id\":\"https:\/\/costia.ro\/#organization\",\"name\":\"Mecanica Costia\",\"url\":\"https:\/\/costia.ro\/\",\"logo\":{\"@type\":\"ImageObject\",\"inLanguage\":\"en-US\",\"@id\":\"https:\/\/costia.ro\/#\/schema\/logo\/image\/\",\"url\":\"https:\/\/costia.ro\/wp-content\/uploads\/2024\/10\/costia4.png\",\"contentUrl\":\"https:\/\/costia.ro\/wp-content\/uploads\/2024\/10\/costia4.png\",\"width\":237,\"height\":101,\"caption\":\"Mecanica Costia\"},\"image\":{\"@id\":\"https:\/\/costia.ro\/#\/schema\/logo\/image\/\"},\"sameAs\":[\"https:\/\/www.facebook.com\/catalin.costia\"]}]}<\/script>\n<!-- \/ Yoast SEO plugin. -->","yoast_head_json":{"title":"Politica de utilizare cookie - Mecanica Costia","robots":{"index":"index","follow":"follow","max-snippet":"max-snippet:-1","max-image-preview":"max-image-preview:large","max-video-preview":"max-video-preview:-1"},"canonical":"https:\/\/costia.ro\/?page_id=1398","og_locale":"en_US","og_type":"article","og_title":"Politica de utilizare cookie - Mecanica Costia","og_url":"https:\/\/costia.ro\/?page_id=1398","og_site_name":"Mecanica Costia","article_publisher":"https:\/\/www.facebook.com\/catalin.costia","article_modified_time":"2024-10-31T07:23:53+00:00","twitter_card":"summary_large_image","twitter_misc":{"Est. reading time":"8 minutes"},"schema":{"@context":"https:\/\/schema.org","@graph":[{"@type":"WebPage","@id":"https:\/\/costia.ro\/?page_id=1398","url":"https:\/\/costia.ro\/?page_id=1398","name":"Politica de utilizare cookie - Mecanica Costia","isPartOf":{"@id":"https:\/\/costia.ro\/#website"},"datePublished":"2024-10-31T07:23:08+00:00","dateModified":"2024-10-31T07:23:53+00:00","breadcrumb":{"@id":"https:\/\/costia.ro\/?page_id=1398#breadcrumb"},"inLanguage":"en-US","potentialAction":[{"@type":"ReadAction","target":["https:\/\/costia.ro\/?page_id=1398"]}]},{"@type":"BreadcrumbList","@id":"https:\/\/costia.ro\/?page_id=1398#breadcrumb","itemListElement":[{"@type":"ListItem","position":1,"name":"Home","item":"https:\/\/costia.ro\/"},{"@type":"ListItem","position":2,"name":"Politica de utilizare cookie"}]},{"@type":"WebSite","@id":"https:\/\/costia.ro\/#website","url":"https:\/\/costia.ro\/","name":"Mecanica Costia","description":"","publisher":{"@id":"https:\/\/costia.ro\/#organization"},"potentialAction":[{"@type":"SearchAction","target":{"@type":"EntryPoint","urlTemplate":"https:\/\/costia.ro\/?s={search_term_string}"},"query-input":{"@type":"PropertyValueSpecification","valueRequired":true,"valueName":"search_term_string"}}],"inLanguage":"en-US"},{"@type":"Organization","@id":"https:\/\/costia.ro\/#organization","name":"Mecanica Costia","url":"https:\/\/costia.ro\/","logo":{"@type":"ImageObject","inLanguage":"en-US","@id":"https:\/\/costia.ro\/#\/schema\/logo\/image\/","url":"https:\/\/costia.ro\/wp-content\/uploads\/2024\/10\/costia4.png","contentUrl":"https:\/\/costia.ro\/wp-content\/uploads\/2024\/10\/costia4.png","width":237,"height":101,"caption":"Mecanica Costia"},"image":{"@id":"https:\/\/costia.ro\/#\/schema\/logo\/image\/"},"sameAs":["https:\/\/www.facebook.com\/catalin.costia"]}]}},"_links":{"self":[{"href":"https:\/\/costia.ro\/index.php?rest_route=\/wp\/v2\/pages\/1398","targetHints":{"allow":["GET"]}}],"collection":[{"href":"https:\/\/costia.ro\/index.php?rest_route=\/wp\/v2\/pages"}],"about":[{"href":"https:\/\/costia.ro\/index.php?rest_route=\/wp\/v2\/types\/page"}],"author":[{"embeddable":true,"href":"https:\/\/costia.ro\/index.php?rest_route=\/wp\/v2\/users\/3"}],"replies":[{"embeddable":true,"href":"https:\/\/costia.ro\/index.php?rest_route=%2Fwp%2Fv2%2Fcomments&post=1398"}],"version-history":[{"count":4,"href":"https:\/\/costia.ro\/index.php?rest_route=\/wp\/v2\/pages\/1398\/revisions"}],"predecessor-version":[{"id":1402,"href":"https:\/\/costia.ro\/index.php?rest_route=\/wp\/v2\/pages\/1398\/revisions\/1402"}],"wp:attachment":[{"href":"https:\/\/costia.ro\/index.php?rest_route=%2Fwp%2Fv2%2Fmedia&parent=1398"}],"curies":[{"name":"wp","href":"https:\/\/api.w.org\/{rel}","templated":true}]}}